{"id":8267,"date":"2025-05-30T11:20:49","date_gmt":"2025-05-30T11:20:49","guid":{"rendered":"https:\/\/sanusconference.org\/?page_id=8267"},"modified":"2025-06-25T07:36:40","modified_gmt":"2025-06-25T07:36:40","slug":"sanus-2022-external-factors-and-prevention-of-risks-to-human-health","status":"publish","type":"page","link":"https:\/\/sanusconference.org\/?page_id=8267","title":{"rendered":"SANUS 2022 MEDICAL LABORATORY ENGINEERING"},"content":{"rendered":"\t\t<div data-elementor-type=\"wp-page\" data-elementor-id=\"8267\" class=\"elementor elementor-8267\">\n\t\t\t\t<div class=\"elementor-element elementor-element-7d2de4a e-flex e-con-boxed e-con e-parent\" data-id=\"7d2de4a\" data-element_type=\"container\" data-e-type=\"container\">\n\t\t\t\t\t<div class=\"e-con-inner\">\n\t\t\t\t<div class=\"elementor-element elementor-element-78aa4e4 elementor-widget elementor-widget-spacer\" data-id=\"78aa4e4\" data-element_type=\"widget\" data-e-type=\"widget\" data-widget_type=\"spacer.default\">\n\t\t\t\t<div class=\"elementor-widget-container\">\n\t\t\t\t\t\t\t<div class=\"elementor-spacer\">\n\t\t\t<div class=\"elementor-spacer-inner\"><\/div>\n\t\t<\/div>\n\t\t\t\t\t\t<\/div>\n\t\t\t\t<\/div>\n\t\t\t\t\t<\/div>\n\t\t\t\t<\/div>\n\t\t\t\t<section class=\"elementor-section elementor-top-section elementor-element elementor-element-9fc11e6 equal-info-boxes elementor-section-boxed elementor-section-height-default elementor-section-height-default\" data-id=\"9fc11e6\" data-element_type=\"section\" data-e-type=\"section\" data-settings=\"{&quot;ekit_section_parallax_multi&quot;:&quot;yes&quot;,&quot;ekit_section_parallax_multi_items&quot;:[{&quot;parallax_style&quot;:&quot;onscroll&quot;,&quot;image&quot;:null,&quot;pos_x&quot;:{&quot;unit&quot;:&quot;%&quot;,&quot;size&quot;:0,&quot;sizes&quot;:[]},&quot;pos_y&quot;:{&quot;unit&quot;:&quot;%&quot;,&quot;size&quot;:0,&quot;sizes&quot;:[]},&quot;zindex&quot;:0,&quot;_id&quot;:&quot;1a3419d&quot;,&quot;parallax_blur_effect&quot;:{&quot;unit&quot;:&quot;px&quot;,&quot;size&quot;:0,&quot;sizes&quot;:[]},&quot;parallax_blur_effect_tablet&quot;:{&quot;unit&quot;:&quot;px&quot;,&quot;size&quot;:&quot;&quot;,&quot;sizes&quot;:[]},&quot;parallax_blur_effect_mobile&quot;:{&quot;unit&quot;:&quot;px&quot;,&quot;size&quot;:&quot;&quot;,&quot;sizes&quot;:[]},&quot;shape&quot;:null,&quot;width_type&quot;:&quot;&quot;,&quot;animation&quot;:null,&quot;animation_tablet&quot;:null,&quot;animation_mobile&quot;:null,&quot;item_opacity&quot;:&quot;1&quot;,&quot;animation_speed&quot;:null,&quot;parallax_speed&quot;:null,&quot;parallax_transform&quot;:&quot;translateY&quot;,&quot;parallax_transform_value&quot;:&quot;250&quot;,&quot;smoothness&quot;:&quot;700&quot;,&quot;offsettop&quot;:&quot;0&quot;,&quot;offsetbottom&quot;:&quot;0&quot;,&quot;maxtilt&quot;:null,&quot;scale&quot;:null,&quot;disableaxis&quot;:null}]}\">\n\t\t\t\t\t\t<div class=\"elementor-container elementor-column-gap-default\">\n\t\t\t\t\t<div class=\"elementor-column elementor-col-33 elementor-top-column elementor-element elementor-element-60285cc\" data-id=\"60285cc\" data-element_type=\"column\" data-e-type=\"column\">\n\t\t\t<div class=\"elementor-widget-wrap elementor-element-populated\">\n\t\t\t\t\t\t<div class=\"elementor-element elementor-element-8681bf0 elementor-widget elementor-widget-elementskit-heading\" data-id=\"8681bf0\" data-element_type=\"widget\" data-e-type=\"widget\" data-widget_type=\"elementskit-heading.default\">\n\t\t\t\t<div class=\"elementor-widget-container\">\n\t\t\t\t\t<div class=\"ekit-wid-con\" ><div class=\"ekit-heading elementskit-section-title-wraper text_left   ekit_heading_tablet-   ekit_heading_mobile-\"><h2 class=\"ekit-heading--title elementskit-section-title \">VITAMIN B12 I HOMOCISTEIN<\/h2>\t\t\t\t<div class='ekit-heading__description'>\n\t\t\t\t\t<p>Nela Ra\u0161eta Simovi\u0107<\/p>\n\t\t\t\t<\/div>\n\t\t\t<\/div><\/div>\t\t\t\t<\/div>\n\t\t\t\t<\/div>\n\t\t\t\t\t<\/div>\n\t\t<\/div>\n\t\t\t\t<div class=\"elementor-column elementor-col-33 elementor-top-column elementor-element elementor-element-bcad0f1\" data-id=\"bcad0f1\" data-element_type=\"column\" data-e-type=\"column\">\n\t\t\t<div class=\"elementor-widget-wrap elementor-element-populated\">\n\t\t\t\t\t\t<div class=\"elementor-element elementor-element-c7b02df elementor-align-right elementor-align--mobilecenter elementor-widget__width-initial elementor-widget elementor-widget-elementskit-button\" data-id=\"c7b02df\" data-element_type=\"widget\" data-e-type=\"widget\" data-widget_type=\"elementskit-button.default\">\n\t\t\t\t<div class=\"elementor-widget-container\">\n\t\t\t\t\t<div class=\"ekit-wid-con\" >\t\t<div class=\"ekit-btn-wraper\">\n\t\t\t\t\t\t\t<a class=\"elementskit-btn  whitespace--normal\" id=\"\">\n\t\t\t\t\tAbstract\t\t\t\t<\/a>\n\t\t\t\t\t<\/div>\n        <\/div>\t\t\t\t<\/div>\n\t\t\t\t<\/div>\n\t\t\t\t\t<\/div>\n\t\t<\/div>\n\t\t\t\t<div class=\"elementor-column elementor-col-33 elementor-top-column elementor-element elementor-element-8848a76\" data-id=\"8848a76\" data-element_type=\"column\" data-e-type=\"column\">\n\t\t\t<div class=\"elementor-widget-wrap elementor-element-populated\">\n\t\t\t\t\t\t<div class=\"elementor-element elementor-element-25f4ca8 elementor-align-right elementor-align--mobilecenter elementor-widget__width-initial elementor-widget elementor-widget-elementskit-button\" data-id=\"25f4ca8\" data-element_type=\"widget\" data-e-type=\"widget\" data-widget_type=\"elementskit-button.default\">\n\t\t\t\t<div class=\"elementor-widget-container\">\n\t\t\t\t\t<div class=\"ekit-wid-con\" >\t\t<div class=\"ekit-btn-wraper\">\n\t\t\t\t\t\t\t<a class=\"elementskit-btn  whitespace--normal\" id=\"\">\n\t\t\t\t\tFull paper\t\t\t\t<\/a>\n\t\t\t\t\t<\/div>\n        <\/div>\t\t\t\t<\/div>\n\t\t\t\t<\/div>\n\t\t\t\t\t<\/div>\n\t\t<\/div>\n\t\t\t\t\t<\/div>\n\t\t<\/section>\n\t\t\t\t<section class=\"elementor-section elementor-top-section elementor-element elementor-element-9671f59 equal-info-boxes elementor-section-boxed elementor-section-height-default elementor-section-height-default\" data-id=\"9671f59\" data-element_type=\"section\" data-e-type=\"section\" data-settings=\"{&quot;ekit_section_parallax_multi&quot;:&quot;yes&quot;,&quot;ekit_section_parallax_multi_items&quot;:[{&quot;parallax_style&quot;:&quot;onscroll&quot;,&quot;image&quot;:null,&quot;pos_x&quot;:{&quot;unit&quot;:&quot;%&quot;,&quot;size&quot;:0,&quot;sizes&quot;:[]},&quot;pos_y&quot;:{&quot;unit&quot;:&quot;%&quot;,&quot;size&quot;:0,&quot;sizes&quot;:[]},&quot;zindex&quot;:0,&quot;_id&quot;:&quot;1a3419d&quot;,&quot;parallax_blur_effect&quot;:{&quot;unit&quot;:&quot;px&quot;,&quot;size&quot;:0,&quot;sizes&quot;:[]},&quot;parallax_blur_effect_tablet&quot;:{&quot;unit&quot;:&quot;px&quot;,&quot;size&quot;:&quot;&quot;,&quot;sizes&quot;:[]},&quot;parallax_blur_effect_mobile&quot;:{&quot;unit&quot;:&quot;px&quot;,&quot;size&quot;:&quot;&quot;,&quot;sizes&quot;:[]},&quot;shape&quot;:null,&quot;width_type&quot;:&quot;&quot;,&quot;animation&quot;:null,&quot;animation_tablet&quot;:null,&quot;animation_mobile&quot;:null,&quot;item_opacity&quot;:&quot;1&quot;,&quot;animation_speed&quot;:null,&quot;parallax_speed&quot;:null,&quot;parallax_transform&quot;:&quot;translateY&quot;,&quot;parallax_transform_value&quot;:&quot;250&quot;,&quot;smoothness&quot;:&quot;700&quot;,&quot;offsettop&quot;:&quot;0&quot;,&quot;offsetbottom&quot;:&quot;0&quot;,&quot;maxtilt&quot;:null,&quot;scale&quot;:null,&quot;disableaxis&quot;:null}]}\">\n\t\t\t\t\t\t<div class=\"elementor-container elementor-column-gap-default\">\n\t\t\t\t\t<div class=\"elementor-column elementor-col-33 elementor-top-column elementor-element elementor-element-05acd3d\" data-id=\"05acd3d\" data-element_type=\"column\" data-e-type=\"column\">\n\t\t\t<div class=\"elementor-widget-wrap elementor-element-populated\">\n\t\t\t\t\t\t<div class=\"elementor-element elementor-element-3692a74 elementor-widget elementor-widget-elementskit-heading\" data-id=\"3692a74\" data-element_type=\"widget\" data-e-type=\"widget\" data-widget_type=\"elementskit-heading.default\">\n\t\t\t\t<div class=\"elementor-widget-container\">\n\t\t\t\t\t<div class=\"ekit-wid-con\" ><div class=\"ekit-heading elementskit-section-title-wraper text_left   ekit_heading_tablet-   ekit_heading_mobile-\"><h2 class=\"ekit-heading--title elementskit-section-title \">SEROPREVALENCIJA SARS-CoV-2 KOD ZAPOSLENIH NA DVIJE JAVNE VISOKO\u0160KOLSKE USTANOVE U REPUBLICI SRPSKOJ<\/h2>\t\t\t\t<div class='ekit-heading__description'>\n\t\t\t\t\t<p><span class=\"fontstyle0\">Darija Kne\u017eevi\u0107<\/span><span class=\"fontstyle0\">, Miroslav Petkovi\u0107<\/span><span class=\"fontstyle0\">, Ljiljana Bo\u017ei\u0107<\/span><span class=\"fontstyle0\">, Silvana Trifunovi\u0107<\/span> <\/p>\n\t\t\t\t<\/div>\n\t\t\t<\/div><\/div>\t\t\t\t<\/div>\n\t\t\t\t<\/div>\n\t\t\t\t\t<\/div>\n\t\t<\/div>\n\t\t\t\t<div class=\"elementor-column elementor-col-33 elementor-top-column elementor-element elementor-element-b512db0\" data-id=\"b512db0\" data-element_type=\"column\" data-e-type=\"column\">\n\t\t\t<div class=\"elementor-widget-wrap elementor-element-populated\">\n\t\t\t\t\t\t<div class=\"elementor-element elementor-element-e6a2f2c elementor-align-right elementor-align--mobilecenter elementor-widget__width-initial elementor-widget elementor-widget-elementskit-button\" data-id=\"e6a2f2c\" data-element_type=\"widget\" data-e-type=\"widget\" data-widget_type=\"elementskit-button.default\">\n\t\t\t\t<div class=\"elementor-widget-container\">\n\t\t\t\t\t<div class=\"ekit-wid-con\" >\t\t<div class=\"ekit-btn-wraper\">\n\t\t\t\t\t\t\t<a class=\"elementskit-btn  whitespace--normal\" id=\"\">\n\t\t\t\t\tAbstract\t\t\t\t<\/a>\n\t\t\t\t\t<\/div>\n        <\/div>\t\t\t\t<\/div>\n\t\t\t\t<\/div>\n\t\t\t\t\t<\/div>\n\t\t<\/div>\n\t\t\t\t<div class=\"elementor-column elementor-col-33 elementor-top-column elementor-element elementor-element-2a486ef\" data-id=\"2a486ef\" data-element_type=\"column\" data-e-type=\"column\">\n\t\t\t<div class=\"elementor-widget-wrap elementor-element-populated\">\n\t\t\t\t\t\t<div class=\"elementor-element elementor-element-117947b elementor-align-right elementor-align--mobilecenter elementor-widget__width-initial elementor-widget elementor-widget-elementskit-button\" data-id=\"117947b\" data-element_type=\"widget\" data-e-type=\"widget\" data-widget_type=\"elementskit-button.default\">\n\t\t\t\t<div class=\"elementor-widget-container\">\n\t\t\t\t\t<div class=\"ekit-wid-con\" >\t\t<div class=\"ekit-btn-wraper\">\n\t\t\t\t\t\t\t<a class=\"elementskit-btn  whitespace--normal\" id=\"\">\n\t\t\t\t\tFull paper\t\t\t\t<\/a>\n\t\t\t\t\t<\/div>\n        <\/div>\t\t\t\t<\/div>\n\t\t\t\t<\/div>\n\t\t\t\t\t<\/div>\n\t\t<\/div>\n\t\t\t\t\t<\/div>\n\t\t<\/section>\n\t\t\t\t<section class=\"elementor-section elementor-top-section elementor-element elementor-element-24690be equal-info-boxes elementor-section-boxed elementor-section-height-default elementor-section-height-default\" data-id=\"24690be\" data-element_type=\"section\" data-e-type=\"section\" data-settings=\"{&quot;ekit_section_parallax_multi&quot;:&quot;yes&quot;,&quot;ekit_section_parallax_multi_items&quot;:[{&quot;parallax_style&quot;:&quot;onscroll&quot;,&quot;image&quot;:null,&quot;pos_x&quot;:{&quot;unit&quot;:&quot;%&quot;,&quot;size&quot;:0,&quot;sizes&quot;:[]},&quot;pos_y&quot;:{&quot;unit&quot;:&quot;%&quot;,&quot;size&quot;:0,&quot;sizes&quot;:[]},&quot;zindex&quot;:0,&quot;_id&quot;:&quot;1a3419d&quot;,&quot;parallax_blur_effect&quot;:{&quot;unit&quot;:&quot;px&quot;,&quot;size&quot;:0,&quot;sizes&quot;:[]},&quot;parallax_blur_effect_tablet&quot;:{&quot;unit&quot;:&quot;px&quot;,&quot;size&quot;:&quot;&quot;,&quot;sizes&quot;:[]},&quot;parallax_blur_effect_mobile&quot;:{&quot;unit&quot;:&quot;px&quot;,&quot;size&quot;:&quot;&quot;,&quot;sizes&quot;:[]},&quot;shape&quot;:null,&quot;width_type&quot;:&quot;&quot;,&quot;animation&quot;:null,&quot;animation_tablet&quot;:null,&quot;animation_mobile&quot;:null,&quot;item_opacity&quot;:&quot;1&quot;,&quot;animation_speed&quot;:null,&quot;parallax_speed&quot;:null,&quot;parallax_transform&quot;:&quot;translateY&quot;,&quot;parallax_transform_value&quot;:&quot;250&quot;,&quot;smoothness&quot;:&quot;700&quot;,&quot;offsettop&quot;:&quot;0&quot;,&quot;offsetbottom&quot;:&quot;0&quot;,&quot;maxtilt&quot;:null,&quot;scale&quot;:null,&quot;disableaxis&quot;:null}]}\">\n\t\t\t\t\t\t<div class=\"elementor-container elementor-column-gap-default\">\n\t\t\t\t\t<div class=\"elementor-column elementor-col-33 elementor-top-column elementor-element elementor-element-0e2bec8\" data-id=\"0e2bec8\" data-element_type=\"column\" data-e-type=\"column\">\n\t\t\t<div class=\"elementor-widget-wrap elementor-element-populated\">\n\t\t\t\t\t\t<div class=\"elementor-element elementor-element-dd9967e elementor-widget elementor-widget-elementskit-heading\" data-id=\"dd9967e\" data-element_type=\"widget\" data-e-type=\"widget\" data-widget_type=\"elementskit-heading.default\">\n\t\t\t\t<div class=\"elementor-widget-container\">\n\t\t\t\t\t<div class=\"ekit-wid-con\" ><div class=\"ekit-heading elementskit-section-title-wraper text_left   ekit_heading_tablet-   ekit_heading_mobile-\"><h2 class=\"ekit-heading--title elementskit-section-title \">FARMAKOEPIDEMIOLO\u0160KO ISPITIVANJE PRIMJENE ANTIBIOTIKA U VANBOLNI\u010cKOJ SREDINI NA PROSTORU OP\u0106INE TRAVNIK<\/h2>\t\t\t\t<div class='ekit-heading__description'>\n\t\t\t\t\t<p><span class=\"fontstyle0\">Irma Lendo Mehi\u0107<\/span><span class=\"fontstyle0\">, Sead Karaka\u0161<\/span> <\/p>\n\t\t\t\t<\/div>\n\t\t\t<\/div><\/div>\t\t\t\t<\/div>\n\t\t\t\t<\/div>\n\t\t\t\t\t<\/div>\n\t\t<\/div>\n\t\t\t\t<div class=\"elementor-column elementor-col-33 elementor-top-column elementor-element elementor-element-7b23215\" data-id=\"7b23215\" data-element_type=\"column\" data-e-type=\"column\">\n\t\t\t<div class=\"elementor-widget-wrap elementor-element-populated\">\n\t\t\t\t\t\t<div class=\"elementor-element elementor-element-dfa558f elementor-align-right elementor-align--mobilecenter elementor-widget__width-initial elementor-widget elementor-widget-elementskit-button\" data-id=\"dfa558f\" data-element_type=\"widget\" data-e-type=\"widget\" data-widget_type=\"elementskit-button.default\">\n\t\t\t\t<div class=\"elementor-widget-container\">\n\t\t\t\t\t<div class=\"ekit-wid-con\" >\t\t<div class=\"ekit-btn-wraper\">\n\t\t\t\t\t\t\t<a class=\"elementskit-btn  whitespace--normal\" id=\"\">\n\t\t\t\t\tAbstract\t\t\t\t<\/a>\n\t\t\t\t\t<\/div>\n        <\/div>\t\t\t\t<\/div>\n\t\t\t\t<\/div>\n\t\t\t\t\t<\/div>\n\t\t<\/div>\n\t\t\t\t<div class=\"elementor-column elementor-col-33 elementor-top-column elementor-element elementor-element-51bb3be\" data-id=\"51bb3be\" data-element_type=\"column\" data-e-type=\"column\">\n\t\t\t<div class=\"elementor-widget-wrap elementor-element-populated\">\n\t\t\t\t\t\t<div class=\"elementor-element elementor-element-cf52de8 elementor-align-right elementor-align--mobilecenter elementor-widget__width-initial elementor-widget elementor-widget-elementskit-button\" data-id=\"cf52de8\" data-element_type=\"widget\" data-e-type=\"widget\" data-widget_type=\"elementskit-button.default\">\n\t\t\t\t<div class=\"elementor-widget-container\">\n\t\t\t\t\t<div class=\"ekit-wid-con\" >\t\t<div class=\"ekit-btn-wraper\">\n\t\t\t\t\t\t\t<a class=\"elementskit-btn  whitespace--normal\" id=\"\">\n\t\t\t\t\tFull paper\t\t\t\t<\/a>\n\t\t\t\t\t<\/div>\n        <\/div>\t\t\t\t<\/div>\n\t\t\t\t<\/div>\n\t\t\t\t\t<\/div>\n\t\t<\/div>\n\t\t\t\t\t<\/div>\n\t\t<\/section>\n\t\t\t\t<section class=\"elementor-section elementor-top-section elementor-element elementor-element-1aa3638 equal-info-boxes elementor-section-boxed elementor-section-height-default elementor-section-height-default\" data-id=\"1aa3638\" data-element_type=\"section\" data-e-type=\"section\" data-settings=\"{&quot;ekit_section_parallax_multi&quot;:&quot;yes&quot;,&quot;ekit_section_parallax_multi_items&quot;:[{&quot;parallax_style&quot;:&quot;onscroll&quot;,&quot;image&quot;:null,&quot;pos_x&quot;:{&quot;unit&quot;:&quot;%&quot;,&quot;size&quot;:0,&quot;sizes&quot;:[]},&quot;pos_y&quot;:{&quot;unit&quot;:&quot;%&quot;,&quot;size&quot;:0,&quot;sizes&quot;:[]},&quot;zindex&quot;:0,&quot;_id&quot;:&quot;1a3419d&quot;,&quot;parallax_blur_effect&quot;:{&quot;unit&quot;:&quot;px&quot;,&quot;size&quot;:0,&quot;sizes&quot;:[]},&quot;parallax_blur_effect_tablet&quot;:{&quot;unit&quot;:&quot;px&quot;,&quot;size&quot;:&quot;&quot;,&quot;sizes&quot;:[]},&quot;parallax_blur_effect_mobile&quot;:{&quot;unit&quot;:&quot;px&quot;,&quot;size&quot;:&quot;&quot;,&quot;sizes&quot;:[]},&quot;shape&quot;:null,&quot;width_type&quot;:&quot;&quot;,&quot;animation&quot;:null,&quot;animation_tablet&quot;:null,&quot;animation_mobile&quot;:null,&quot;item_opacity&quot;:&quot;1&quot;,&quot;animation_speed&quot;:null,&quot;parallax_speed&quot;:null,&quot;parallax_transform&quot;:&quot;translateY&quot;,&quot;parallax_transform_value&quot;:&quot;250&quot;,&quot;smoothness&quot;:&quot;700&quot;,&quot;offsettop&quot;:&quot;0&quot;,&quot;offsetbottom&quot;:&quot;0&quot;,&quot;maxtilt&quot;:null,&quot;scale&quot;:null,&quot;disableaxis&quot;:null}]}\">\n\t\t\t\t\t\t<div class=\"elementor-container elementor-column-gap-default\">\n\t\t\t\t\t<div class=\"elementor-column elementor-col-33 elementor-top-column elementor-element elementor-element-7b971cc\" data-id=\"7b971cc\" data-element_type=\"column\" data-e-type=\"column\">\n\t\t\t<div class=\"elementor-widget-wrap elementor-element-populated\">\n\t\t\t\t\t\t<div class=\"elementor-element elementor-element-f5c78d2 elementor-widget elementor-widget-elementskit-heading\" data-id=\"f5c78d2\" data-element_type=\"widget\" data-e-type=\"widget\" data-widget_type=\"elementskit-heading.default\">\n\t\t\t\t<div class=\"elementor-widget-container\">\n\t\t\t\t\t<div class=\"ekit-wid-con\" ><div class=\"ekit-heading elementskit-section-title-wraper text_left   ekit_heading_tablet-   ekit_heading_mobile-\"><h2 class=\"ekit-heading--title elementskit-section-title \">KORELACIJA UPALNIH MARKERA I TE\u017dINE KLINI\u010cKE SLIKE U BOLESNIKA OBOLJELIH OD COVID-19 NA PODRU\u010cJU SREDNJOBOSANSKOG KANTONA (SBK\/KSB)<\/h2>\t\t\t\t<div class='ekit-heading__description'>\n\t\t\t\t\t<p>Adis Hrva\u010di\u0107<\/p>\n\t\t\t\t<\/div>\n\t\t\t<\/div><\/div>\t\t\t\t<\/div>\n\t\t\t\t<\/div>\n\t\t\t\t\t<\/div>\n\t\t<\/div>\n\t\t\t\t<div class=\"elementor-column elementor-col-33 elementor-top-column elementor-element elementor-element-7d7fbde\" data-id=\"7d7fbde\" data-element_type=\"column\" data-e-type=\"column\">\n\t\t\t<div class=\"elementor-widget-wrap elementor-element-populated\">\n\t\t\t\t\t\t<div class=\"elementor-element elementor-element-70e789f elementor-align-right elementor-align--mobilecenter elementor-widget__width-initial elementor-widget elementor-widget-elementskit-button\" data-id=\"70e789f\" data-element_type=\"widget\" data-e-type=\"widget\" data-widget_type=\"elementskit-button.default\">\n\t\t\t\t<div class=\"elementor-widget-container\">\n\t\t\t\t\t<div class=\"ekit-wid-con\" >\t\t<div class=\"ekit-btn-wraper\">\n\t\t\t\t\t\t\t<a class=\"elementskit-btn  whitespace--normal\" id=\"\">\n\t\t\t\t\tAbstract\t\t\t\t<\/a>\n\t\t\t\t\t<\/div>\n        <\/div>\t\t\t\t<\/div>\n\t\t\t\t<\/div>\n\t\t\t\t\t<\/div>\n\t\t<\/div>\n\t\t\t\t<div class=\"elementor-column elementor-col-33 elementor-top-column elementor-element elementor-element-1eaea42\" data-id=\"1eaea42\" data-element_type=\"column\" data-e-type=\"column\">\n\t\t\t<div class=\"elementor-widget-wrap elementor-element-populated\">\n\t\t\t\t\t\t<div class=\"elementor-element elementor-element-2632989 elementor-align-right elementor-align--mobilecenter elementor-widget__width-initial elementor-widget elementor-widget-elementskit-button\" data-id=\"2632989\" data-element_type=\"widget\" data-e-type=\"widget\" data-widget_type=\"elementskit-button.default\">\n\t\t\t\t<div class=\"elementor-widget-container\">\n\t\t\t\t\t<div class=\"ekit-wid-con\" >\t\t<div class=\"ekit-btn-wraper\">\n\t\t\t\t\t\t\t<a class=\"elementskit-btn  whitespace--normal\" id=\"\">\n\t\t\t\t\tFull paper\t\t\t\t<\/a>\n\t\t\t\t\t<\/div>\n        <\/div>\t\t\t\t<\/div>\n\t\t\t\t<\/div>\n\t\t\t\t\t<\/div>\n\t\t<\/div>\n\t\t\t\t\t<\/div>\n\t\t<\/section>\n\t\t\t\t<section class=\"elementor-section elementor-top-section elementor-element elementor-element-14c290b equal-info-boxes elementor-section-boxed elementor-section-height-default elementor-section-height-default\" data-id=\"14c290b\" data-element_type=\"section\" data-e-type=\"section\" data-settings=\"{&quot;ekit_section_parallax_multi&quot;:&quot;yes&quot;,&quot;ekit_section_parallax_multi_items&quot;:[{&quot;parallax_style&quot;:&quot;onscroll&quot;,&quot;image&quot;:null,&quot;pos_x&quot;:{&quot;unit&quot;:&quot;%&quot;,&quot;size&quot;:0,&quot;sizes&quot;:[]},&quot;pos_y&quot;:{&quot;unit&quot;:&quot;%&quot;,&quot;size&quot;:0,&quot;sizes&quot;:[]},&quot;zindex&quot;:0,&quot;_id&quot;:&quot;1a3419d&quot;,&quot;parallax_blur_effect&quot;:{&quot;unit&quot;:&quot;px&quot;,&quot;size&quot;:0,&quot;sizes&quot;:[]},&quot;parallax_blur_effect_tablet&quot;:{&quot;unit&quot;:&quot;px&quot;,&quot;size&quot;:&quot;&quot;,&quot;sizes&quot;:[]},&quot;parallax_blur_effect_mobile&quot;:{&quot;unit&quot;:&quot;px&quot;,&quot;size&quot;:&quot;&quot;,&quot;sizes&quot;:[]},&quot;shape&quot;:null,&quot;width_type&quot;:&quot;&quot;,&quot;animation&quot;:null,&quot;animation_tablet&quot;:null,&quot;animation_mobile&quot;:null,&quot;item_opacity&quot;:&quot;1&quot;,&quot;animation_speed&quot;:null,&quot;parallax_speed&quot;:null,&quot;parallax_transform&quot;:&quot;translateY&quot;,&quot;parallax_transform_value&quot;:&quot;250&quot;,&quot;smoothness&quot;:&quot;700&quot;,&quot;offsettop&quot;:&quot;0&quot;,&quot;offsetbottom&quot;:&quot;0&quot;,&quot;maxtilt&quot;:null,&quot;scale&quot;:null,&quot;disableaxis&quot;:null}]}\">\n\t\t\t\t\t\t<div class=\"elementor-container elementor-column-gap-default\">\n\t\t\t\t\t<div class=\"elementor-column elementor-col-33 elementor-top-column elementor-element elementor-element-37c4cf3\" data-id=\"37c4cf3\" data-element_type=\"column\" data-e-type=\"column\">\n\t\t\t<div class=\"elementor-widget-wrap elementor-element-populated\">\n\t\t\t\t\t\t<div class=\"elementor-element elementor-element-f4f71fa elementor-widget elementor-widget-elementskit-heading\" data-id=\"f4f71fa\" data-element_type=\"widget\" data-e-type=\"widget\" data-widget_type=\"elementskit-heading.default\">\n\t\t\t\t<div class=\"elementor-widget-container\">\n\t\t\t\t\t<div class=\"ekit-wid-con\" ><div class=\"ekit-heading elementskit-section-title-wraper text_left   ekit_heading_tablet-   ekit_heading_mobile-\"><h2 class=\"ekit-heading--title elementskit-section-title \">LABORATORIJSKA DIJAGNOSTIKA INFEKTIVNIH BOLESTI<\/h2>\t\t\t\t<div class='ekit-heading__description'>\n\t\t\t\t\t<p><span class=\"fontstyle0\">Mira Obradovi\u0107, Radoslav Gruji\u0107, Boris Vukovi\u0107\u00a0<\/span><\/p>\n<p><span class=\"fontstyle0\">\u00a0<\/span><\/p>\n\t\t\t\t<\/div>\n\t\t\t<\/div><\/div>\t\t\t\t<\/div>\n\t\t\t\t<\/div>\n\t\t\t\t\t<\/div>\n\t\t<\/div>\n\t\t\t\t<div class=\"elementor-column elementor-col-33 elementor-top-column elementor-element elementor-element-ae6e5cd\" data-id=\"ae6e5cd\" data-element_type=\"column\" data-e-type=\"column\">\n\t\t\t<div class=\"elementor-widget-wrap elementor-element-populated\">\n\t\t\t\t\t\t<div class=\"elementor-element elementor-element-f6485d5 elementor-align-right elementor-align--mobilecenter elementor-widget__width-initial elementor-widget elementor-widget-elementskit-button\" data-id=\"f6485d5\" data-element_type=\"widget\" data-e-type=\"widget\" data-widget_type=\"elementskit-button.default\">\n\t\t\t\t<div class=\"elementor-widget-container\">\n\t\t\t\t\t<div class=\"ekit-wid-con\" >\t\t<div class=\"ekit-btn-wraper\">\n\t\t\t\t\t\t\t<a class=\"elementskit-btn  whitespace--normal\" id=\"\">\n\t\t\t\t\tAbstract\t\t\t\t<\/a>\n\t\t\t\t\t<\/div>\n        <\/div>\t\t\t\t<\/div>\n\t\t\t\t<\/div>\n\t\t\t\t\t<\/div>\n\t\t<\/div>\n\t\t\t\t<div class=\"elementor-column elementor-col-33 elementor-top-column elementor-element elementor-element-bb9353c\" data-id=\"bb9353c\" data-element_type=\"column\" data-e-type=\"column\">\n\t\t\t<div class=\"elementor-widget-wrap elementor-element-populated\">\n\t\t\t\t\t\t<div class=\"elementor-element elementor-element-78ed986 elementor-align-right elementor-align--mobilecenter elementor-widget__width-initial elementor-widget elementor-widget-elementskit-button\" data-id=\"78ed986\" data-element_type=\"widget\" data-e-type=\"widget\" data-widget_type=\"elementskit-button.default\">\n\t\t\t\t<div class=\"elementor-widget-container\">\n\t\t\t\t\t<div class=\"ekit-wid-con\" >\t\t<div class=\"ekit-btn-wraper\">\n\t\t\t\t\t\t\t<a class=\"elementskit-btn  whitespace--normal\" id=\"\">\n\t\t\t\t\tFull paper\t\t\t\t<\/a>\n\t\t\t\t\t<\/div>\n        <\/div>\t\t\t\t<\/div>\n\t\t\t\t<\/div>\n\t\t\t\t\t<\/div>\n\t\t<\/div>\n\t\t\t\t\t<\/div>\n\t\t<\/section>\n\t\t\t\t<\/div>\n\t\t","protected":false},"excerpt":{"rendered":"<p>VITAMIN B12 I HOMOCISTEIN Nela Ra\u0161eta Simovi\u0107 Abstract Full paper SEROPREVALENCIJA SARS-CoV-2 KOD ZAPOSLENIH NA DVIJE JAVNE VISOKO\u0160KOLSKE USTANOVE U REPUBLICI SRPSKOJ Darija Kne\u017eevi\u0107, Miroslav Petkovi\u0107, Ljiljana Bo\u017ei\u0107, Silvana Trifunovi\u0107 Abstract Full paper FARMAKOEPIDEMIOLO\u0160KO ISPITIVANJE PRIMJENE ANTIBIOTIKA U VANBOLNI\u010cKOJ SREDINI NA PROSTORU OP\u0106INE TRAVNIK Irma Lendo Mehi\u0107, Sead Karaka\u0161 Abstract Full paper KORELACIJA UPALNIH MARKERA [&hellip;]<\/p>\n","protected":false},"author":1,"featured_media":0,"parent":0,"menu_order":0,"comment_status":"closed","ping_status":"closed","template":"template\/template-page.php","meta":{"footnotes":""},"class_list":["post-8267","page","type-page","status-publish","hentry"],"_links":{"self":[{"href":"https:\/\/sanusconference.org\/index.php?rest_route=\/wp\/v2\/pages\/8267","targetHints":{"allow":["GET"]}}],"collection":[{"href":"https:\/\/sanusconference.org\/index.php?rest_route=\/wp\/v2\/pages"}],"about":[{"href":"https:\/\/sanusconference.org\/index.php?rest_route=\/wp\/v2\/types\/page"}],"author":[{"embeddable":true,"href":"https:\/\/sanusconference.org\/index.php?rest_route=\/wp\/v2\/users\/1"}],"replies":[{"embeddable":true,"href":"https:\/\/sanusconference.org\/index.php?rest_route=%2Fwp%2Fv2%2Fcomments&post=8267"}],"version-history":[{"count":25,"href":"https:\/\/sanusconference.org\/index.php?rest_route=\/wp\/v2\/pages\/8267\/revisions"}],"predecessor-version":[{"id":8645,"href":"https:\/\/sanusconference.org\/index.php?rest_route=\/wp\/v2\/pages\/8267\/revisions\/8645"}],"wp:attachment":[{"href":"https:\/\/sanusconference.org\/index.php?rest_route=%2Fwp%2Fv2%2Fmedia&parent=8267"}],"curies":[{"name":"wp","href":"https:\/\/api.w.org\/{rel}","templated":true}]}}