{"id":9462,"date":"2026-03-23T07:55:15","date_gmt":"2026-03-23T07:55:15","guid":{"rendered":"https:\/\/sanusconference.org\/?page_id=9462"},"modified":"2026-03-23T12:09:22","modified_gmt":"2026-03-23T12:09:22","slug":"sanus-2025-plenary-lectures","status":"publish","type":"page","link":"https:\/\/sanusconference.org\/?page_id=9462","title":{"rendered":"SANUS 2025 PLENARY LECTURES"},"content":{"rendered":"\t\t<div data-elementor-type=\"wp-page\" data-elementor-id=\"9462\" class=\"elementor elementor-9462\">\n\t\t\t\t<div class=\"elementor-element elementor-element-7d2de4a e-flex e-con-boxed e-con e-parent\" data-id=\"7d2de4a\" data-element_type=\"container\" data-e-type=\"container\">\n\t\t\t\t\t<div class=\"e-con-inner\">\n\t\t\t\t<div class=\"elementor-element elementor-element-78aa4e4 elementor-widget elementor-widget-spacer\" data-id=\"78aa4e4\" data-element_type=\"widget\" data-e-type=\"widget\" data-widget_type=\"spacer.default\">\n\t\t\t\t<div class=\"elementor-widget-container\">\n\t\t\t\t\t\t\t<div class=\"elementor-spacer\">\n\t\t\t<div class=\"elementor-spacer-inner\"><\/div>\n\t\t<\/div>\n\t\t\t\t\t\t<\/div>\n\t\t\t\t<\/div>\n\t\t\t\t\t<\/div>\n\t\t\t\t<\/div>\n\t\t\t\t<section class=\"elementor-section elementor-top-section elementor-element elementor-element-9fc11e6 equal-info-boxes elementor-section-boxed elementor-section-height-default elementor-section-height-default\" data-id=\"9fc11e6\" data-element_type=\"section\" data-e-type=\"section\" data-settings=\"{&quot;ekit_section_parallax_multi&quot;:&quot;yes&quot;,&quot;ekit_section_parallax_multi_items&quot;:[{&quot;parallax_style&quot;:&quot;onscroll&quot;,&quot;image&quot;:null,&quot;pos_x&quot;:{&quot;unit&quot;:&quot;%&quot;,&quot;size&quot;:0,&quot;sizes&quot;:[]},&quot;pos_y&quot;:{&quot;unit&quot;:&quot;%&quot;,&quot;size&quot;:0,&quot;sizes&quot;:[]},&quot;zindex&quot;:0,&quot;_id&quot;:&quot;1a3419d&quot;,&quot;parallax_blur_effect&quot;:{&quot;unit&quot;:&quot;px&quot;,&quot;size&quot;:0,&quot;sizes&quot;:[]},&quot;parallax_blur_effect_tablet&quot;:{&quot;unit&quot;:&quot;px&quot;,&quot;size&quot;:&quot;&quot;,&quot;sizes&quot;:[]},&quot;parallax_blur_effect_mobile&quot;:{&quot;unit&quot;:&quot;px&quot;,&quot;size&quot;:&quot;&quot;,&quot;sizes&quot;:[]},&quot;shape&quot;:null,&quot;width_type&quot;:&quot;&quot;,&quot;animation&quot;:null,&quot;animation_tablet&quot;:null,&quot;animation_mobile&quot;:null,&quot;item_opacity&quot;:&quot;1&quot;,&quot;animation_speed&quot;:null,&quot;parallax_speed&quot;:null,&quot;parallax_transform&quot;:&quot;translateY&quot;,&quot;parallax_transform_value&quot;:&quot;250&quot;,&quot;smoothness&quot;:&quot;700&quot;,&quot;offsettop&quot;:&quot;0&quot;,&quot;offsetbottom&quot;:&quot;0&quot;,&quot;maxtilt&quot;:null,&quot;scale&quot;:null,&quot;disableaxis&quot;:null}]}\">\n\t\t\t\t\t\t<div class=\"elementor-container elementor-column-gap-default\">\n\t\t\t\t\t<div class=\"elementor-column elementor-col-33 elementor-top-column elementor-element elementor-element-60285cc\" data-id=\"60285cc\" data-element_type=\"column\" data-e-type=\"column\">\n\t\t\t<div class=\"elementor-widget-wrap elementor-element-populated\">\n\t\t\t\t\t\t<div class=\"elementor-element elementor-element-a675753 elementor-widget elementor-widget-elementskit-heading\" data-id=\"a675753\" data-element_type=\"widget\" data-e-type=\"widget\" data-widget_type=\"elementskit-heading.default\">\n\t\t\t\t<div class=\"elementor-widget-container\">\n\t\t\t\t\t<div class=\"ekit-wid-con\" ><div class=\"ekit-heading elementskit-section-title-wraper text_left   ekit_heading_tablet-   ekit_heading_mobile-\"><h2 class=\"ekit-heading--title elementskit-section-title \">OBESITY \u2013 THE EPIDEMIC OF THE 21ST CENTURY<\/h2>\t\t\t\t<div class='ekit-heading__description'>\n\t\t\t\t\t<p>Snje\u017eana Popovi\u0107 Peji\u010di\u0107<\/p>\n<table>\n<tbody>\n<tr>\n<td style=\"border-style: none;text-align: left\"><span class=\"fontstyle0\">doi <\/span><span class=\"fontstyle0\">10.7251\/SANUS2503017P<\/span><\/td>\n<\/tr>\n<\/tbody>\n<\/table>\n\t\t\t\t<\/div>\n\t\t\t<\/div><\/div>\t\t\t\t<\/div>\n\t\t\t\t<\/div>\n\t\t\t\t\t<\/div>\n\t\t<\/div>\n\t\t\t\t<div class=\"elementor-column elementor-col-33 elementor-top-column elementor-element elementor-element-8c8e099\" data-id=\"8c8e099\" data-element_type=\"column\" data-e-type=\"column\">\n\t\t\t<div class=\"elementor-widget-wrap elementor-element-populated\">\n\t\t\t\t\t\t<div class=\"elementor-element elementor-element-30cc71e elementor-align-right elementor-align--mobilecenter elementor-widget__width-initial elementor-widget elementor-widget-elementskit-button\" data-id=\"30cc71e\" data-element_type=\"widget\" data-e-type=\"widget\" data-widget_type=\"elementskit-button.default\">\n\t\t\t\t<div class=\"elementor-widget-container\">\n\t\t\t\t\t<div class=\"ekit-wid-con\" >\t\t<div class=\"ekit-btn-wraper\">\n\t\t\t\t\t\t\t<a href=\"https:\/\/sanusconference.org\/wp-content\/uploads\/2026\/03\/Popovic-Pejicic-Snjezana-Sazetak-2025-.pdf\" target=\"_blank\" class=\"elementskit-btn  whitespace--normal\" id=\"\">\n\t\t\t\t\tAbstract\t\t\t\t<\/a>\n\t\t\t\t\t<\/div>\n        <\/div>\t\t\t\t<\/div>\n\t\t\t\t<\/div>\n\t\t\t\t\t<\/div>\n\t\t<\/div>\n\t\t\t\t<div class=\"elementor-column elementor-col-33 elementor-top-column elementor-element elementor-element-bcad0f1\" data-id=\"bcad0f1\" data-element_type=\"column\" data-e-type=\"column\">\n\t\t\t<div class=\"elementor-widget-wrap elementor-element-populated\">\n\t\t\t\t\t\t<div class=\"elementor-element elementor-element-c7b02df elementor-align-right elementor-align--mobilecenter elementor-widget__width-initial elementor-widget elementor-widget-elementskit-button\" data-id=\"c7b02df\" data-element_type=\"widget\" data-e-type=\"widget\" data-widget_type=\"elementskit-button.default\">\n\t\t\t\t<div class=\"elementor-widget-container\">\n\t\t\t\t\t<div class=\"ekit-wid-con\" >\t\t<div class=\"ekit-btn-wraper\">\n\t\t\t\t\t\t\t<a href=\"https:\/\/sanusconference.org\/wp-content\/uploads\/2026\/03\/1.-Snjezana-Popovic-Pejicic-Rad-u-cijelosti-2025-Plenarno.pdf\" target=\"_blank\" class=\"elementskit-btn  whitespace--normal\" id=\"\">\n\t\t\t\t\tFull paper\t\t\t\t<\/a>\n\t\t\t\t\t<\/div>\n        <\/div>\t\t\t\t<\/div>\n\t\t\t\t<\/div>\n\t\t\t\t\t<\/div>\n\t\t<\/div>\n\t\t\t\t\t<\/div>\n\t\t<\/section>\n\t\t\t\t<\/div>\n\t\t","protected":false},"excerpt":{"rendered":"<p>OBESITY \u2013 THE EPIDEMIC OF THE 21ST CENTURY Snje\u017eana Popovi\u0107 Peji\u010di\u0107 doi 10.7251\/SANUS2503017P Abstract Full paper<\/p>\n","protected":false},"author":1,"featured_media":0,"parent":0,"menu_order":0,"comment_status":"closed","ping_status":"closed","template":"template\/template-page.php","meta":{"footnotes":""},"class_list":["post-9462","page","type-page","status-publish","hentry"],"_links":{"self":[{"href":"https:\/\/sanusconference.org\/index.php?rest_route=\/wp\/v2\/pages\/9462","targetHints":{"allow":["GET"]}}],"collection":[{"href":"https:\/\/sanusconference.org\/index.php?rest_route=\/wp\/v2\/pages"}],"about":[{"href":"https:\/\/sanusconference.org\/index.php?rest_route=\/wp\/v2\/types\/page"}],"author":[{"embeddable":true,"href":"https:\/\/sanusconference.org\/index.php?rest_route=\/wp\/v2\/users\/1"}],"replies":[{"embeddable":true,"href":"https:\/\/sanusconference.org\/index.php?rest_route=%2Fwp%2Fv2%2Fcomments&post=9462"}],"version-history":[{"count":13,"href":"https:\/\/sanusconference.org\/index.php?rest_route=\/wp\/v2\/pages\/9462\/revisions"}],"predecessor-version":[{"id":9523,"href":"https:\/\/sanusconference.org\/index.php?rest_route=\/wp\/v2\/pages\/9462\/revisions\/9523"}],"wp:attachment":[{"href":"https:\/\/sanusconference.org\/index.php?rest_route=%2Fwp%2Fv2%2Fmedia&parent=9462"}],"curies":[{"name":"wp","href":"https:\/\/api.w.org\/{rel}","templated":true}]}}